{"id":452,"date":"2023-05-29T09:59:47","date_gmt":"2023-05-29T07:59:47","guid":{"rendered":"https:\/\/webm4.prod.unms.local\/request-for-clarification\/"},"modified":"2023-08-15T12:02:28","modified_gmt":"2023-08-15T10:02:28","slug":"request-for-clarification","status":"publish","type":"page","link":"https:\/\/productinfo.normoff.gov.sk\/en\/request-for-clarification\/","title":{"rendered":"Product Contact Point Form"},"content":{"rendered":"<div class=\"eh_crm_support_main wsdesk_wrapper\"><div class=\"main_new_suppot_request_form\"><style>\r\n                .support_form\r\n                {\r\n                    width: 100% !important;\r\n                }\r\n                <\/style> <form class=\"support_form\" id=\"eh_crm_ticket_form\"><h3>Report a problem<\/h3><div class=\"form-elements\"><span>Name and surname <\/span><span class=\"input_required\">*<\/span><input type=\"text\" autocomplete=\"off\" name=\"request_title\" id=\"request_title\" value=\"\" class=\"input_element form-control\" placeholder=\"\" required><small><\/small><\/div><br><div class=\"form-elements\"><span>E-mail <\/span><span class=\"input_required\">*<\/span><input type=\"email\" name=\"request_email\" id=\"request_email\" value=\"\" class=\"input_element form-control\" placeholder=\"email@domain.com\"required><small><\/small><\/div><br><div class=\"form-elements\"><span>Name of the organization <\/span> <br><input type=\"text\" autocomplete=\"off\" name=\"field_XI34\" id=\"field_XI34\" value=\"\" class=\"input_element form-control\" placeholder=\"\" ><small><\/small><\/div><br><div class=\"form-elements\"><span>Type of applicant <\/span><span class=\"input_required\">*<\/span><select class=\"input_element form-control\" name=\"field_TF23\" id=\"field_TF23\" required><option value=\"\">- Vyberte hodnotu -<\/option><option value=\"field_TF23_V0\" >citizen<\/option><option value=\"field_TF23_V1\" >business entity<\/option><option value=\"field_TF23_V2\" >citizen or business entity<\/option><\/select><small><\/small><\/div><br><div class=\"form-elements\"><span>Country <\/span> <br><select class=\"input_element form-control\" name=\"field_RL91\" id=\"field_RL91\" ><option value=\"\">- Vyberte krajinu -<\/option><option value=\"11\" >Republic of Austria<\/option><option value=\"17\" >Kingdom of Belgium<\/option><option value=\"30\" >Republic of Bulgaria<\/option><option value=\"54\" >Republic of Croatia<\/option><option value=\"56\" >Republic of Cyprus<\/option><option value=\"58\" >Czech Republic<\/option><option value=\"60\" >Kingdom of Denmark<\/option><option value=\"69\" >Republic of Estonia<\/option><option value=\"77\" >French Republic<\/option><option value=\"86\" >Federal Republic of Germany<\/option><option value=\"90\" >Hellenic Republic<\/option><option value=\"103\" >Hungary<\/option><option value=\"104\" >Republic of Iceland<\/option><option value=\"109\" >Ireland<\/option><option value=\"111\" >Republic of Italy<\/option><option value=\"125\" >Republic of Latvia<\/option><option value=\"128\" >Principality of Liechtenstein<\/option><option value=\"129\" >Republic of Lithuania<\/option><option value=\"130\" >Grand Duchy of Luxembourg<\/option><option value=\"153\" >Kingdom of the Netherlands<\/option><option value=\"169\" >Kingdom of Norway<\/option><option value=\"183\" >Republic of Poland<\/option><option value=\"184\" >Portuguese Republic<\/option><option value=\"190\" >Romania<\/option><option value=\"209\" selected>Slovak Republic<\/option><option value=\"211\" >Republic of Slovenia<\/option><option value=\"215\" >Kingdom of Spain<\/option><option value=\"223\" >Kingdom of Sweden<\/option><option value=\"224\" >Swiss Confederation<\/option><option value=\"234\" >Republic of Turkey<\/option><option value=\"239\" >Ukraine<\/option><option value=\"243\" >United Kingdom of Great Britain and Northern Ireland<\/option><option value=\"0\" >Islamic Republic of Afghanistan<\/option><option value=\"field_RL91_V264\" >Republic of Finland<\/option><option value=\"field_RL91_V265\" >Austr\u00e1lia<\/option><option value=\"field_RL91_V266\" >Bielorusko<\/option><option value=\"field_RL91_V267\" >\u010c\u00edna<\/option><option value=\"field_RL91_V268\" >Gruz\u00ednsko<\/option><option value=\"field_RL91_V269\" >India<\/option><option value=\"field_RL91_V270\" >Kanada<\/option><option value=\"field_RL91_V271\" >Kazachstan<\/option><option value=\"field_RL91_V272\" >Rusko<\/option><option value=\"field_RL91_V273\" >Spojen\u00e9 \u0161t\u00e1ty americk\u00e9 (USA)<\/option><option value=\"field_RL91_V274\" >Afganistan<\/option><option value=\"field_RL91_V275\" >Alb\u00e1nsko<\/option><option value=\"field_RL91_V276\" >Al\u017e\u00edrsko<\/option><option value=\"field_RL91_V277\" >Andorra<\/option><option value=\"field_RL91_V278\" >Angola<\/option><option value=\"field_RL91_V279\" >Argent\u00edna<\/option><option value=\"field_RL91_V280\" >Antigua a\u00a0Barbuda<\/option><option value=\"field_RL91_V281\" >Arm\u00e9nsko<\/option><option value=\"field_RL91_V282\" >Azerbajd\u017ean<\/option><option value=\"field_RL91_V283\" >Bahamy<\/option><option value=\"field_RL91_V284\" >Bahrajn<\/option><option value=\"field_RL91_V285\" >Banglad\u00e9\u0161<\/option><option value=\"field_RL91_V286\" >Barbados<\/option><option value=\"field_RL91_V287\" >Belize<\/option><option value=\"field_RL91_V288\" >Benin<\/option><option value=\"field_RL91_V289\" >Bhut\u00e1n<\/option><option value=\"field_RL91_V290\" >Bol\u00edvia<\/option><option value=\"field_RL91_V291\" >Bosna a\u00a0Hercegovina<\/option><option value=\"field_RL91_V292\" >Botswana<\/option><option value=\"field_RL91_V293\" >Braz\u00edlia<\/option><option value=\"field_RL91_V294\" >Brunej<\/option><option value=\"field_RL91_V295\" >Burkina Faso<\/option><option value=\"field_RL91_V296\" >Burundi<\/option><option value=\"field_RL91_V297\" >\u010cad<\/option><option value=\"field_RL91_V298\" >\u010cierna Hora<\/option><option value=\"field_RL91_V299\" >\u010cile<\/option><option value=\"field_RL91_V300\" >Dominika<\/option><option value=\"field_RL91_V301\" >Dominik\u00e1nska republika<\/option><option value=\"field_RL91_V302\" >D\u017eibutsko<\/option><option value=\"field_RL91_V303\" >Egypt<\/option><option value=\"field_RL91_V304\" >Ekv\u00e1dor<\/option><option value=\"field_RL91_V305\" >Eritrea<\/option><option value=\"field_RL91_V306\" >Eswatini<\/option><option value=\"field_RL91_V307\" >Eti\u00f3pia<\/option><option value=\"field_RL91_V308\" >Fid\u017ei<\/option><option value=\"field_RL91_V309\" >Filip\u00edny<\/option><option value=\"field_RL91_V310\" >Gabon<\/option><option value=\"field_RL91_V311\" >Gambia<\/option><option value=\"field_RL91_V312\" >Ghana<\/option><option value=\"field_RL91_V313\" >Grenada<\/option><option value=\"field_RL91_V314\" >Guatemala<\/option><option value=\"field_RL91_V315\" >Guinea<\/option><option value=\"field_RL91_V316\" >Guinea-Bissau<\/option><option value=\"field_RL91_V317\" >Guyana<\/option><option value=\"field_RL91_V318\" >Haiti<\/option><option value=\"field_RL91_V319\" >Honduras<\/option><option value=\"field_RL91_V320\" >Indon\u00e9zia<\/option><option value=\"field_RL91_V321\" >Irak<\/option><option value=\"field_RL91_V322\" >Ir\u00e1n<\/option><option value=\"field_RL91_V323\" >Izrael<\/option><option value=\"field_RL91_V324\" >Jamajka<\/option><option value=\"field_RL91_V325\" >Japonsko<\/option><option value=\"field_RL91_V326\" >Jemen<\/option><option value=\"field_RL91_V327\" >Jord\u00e1nsko<\/option><option value=\"field_RL91_V328\" >Ju\u017en\u00e1 Afrika<\/option><option value=\"field_RL91_V329\" >Ju\u017en\u00fd Sud\u00e1n<\/option><option value=\"field_RL91_V330\" >Kambod\u017ea<\/option><option value=\"field_RL91_V331\" >Kamerun<\/option><option value=\"field_RL91_V332\" >Kapverdy<\/option><option value=\"field_RL91_V333\" >Katar<\/option><option value=\"field_RL91_V334\" >Ke\u0148a<\/option><option value=\"field_RL91_V335\" >Kirgizsko<\/option><option value=\"field_RL91_V336\" >Kiribati<\/option><option value=\"field_RL91_V337\" >Kolumbia<\/option><option value=\"field_RL91_V338\" >Komory<\/option><option value=\"field_RL91_V339\" >Kongo<\/option><option value=\"field_RL91_V340\" >Kon\u017esk\u00e1 demokratick\u00e1 republika<\/option><option value=\"field_RL91_V341\" >K\u00f3rejsk\u00e1 \u013eudovodemokratick\u00e1 republika (K\u013dDR)<\/option><option value=\"field_RL91_V342\" >K\u00f3rejsk\u00e1 republika<\/option><option value=\"field_RL91_V343\" >Kostarika<\/option><option value=\"field_RL91_V344\" >Kuba<\/option><option value=\"field_RL91_V345\" >Kuvajt<\/option><option value=\"field_RL91_V346\" >Laos<\/option><option value=\"field_RL91_V347\" >Lesotho<\/option><option value=\"field_RL91_V348\" >Libanon<\/option><option value=\"field_RL91_V349\" >Lib\u00e9ria<\/option><option value=\"field_RL91_V350\" >L\u00edbya<\/option><option value=\"field_RL91_V351\" >Madagaskar<\/option><option value=\"field_RL91_V352\" >Malajzia<\/option><option value=\"field_RL91_V353\" >Malawi<\/option><option value=\"field_RL91_V354\" >Maldivy<\/option><option value=\"field_RL91_V355\" >Mali<\/option><option value=\"field_RL91_V356\" >Maroko<\/option><option value=\"field_RL91_V357\" >Marshallove ostrovy<\/option><option value=\"field_RL91_V358\" >Maur\u00edcius<\/option><option value=\"field_RL91_V359\" >Maurit\u00e1nia<\/option><option value=\"field_RL91_V360\" >Mexiko<\/option><option value=\"field_RL91_V361\" >Mikron\u00e9zia<\/option><option value=\"field_RL91_V362\" >Mjanmarsko<\/option><option value=\"field_RL91_V363\" >Moldavsko<\/option><option value=\"field_RL91_V364\" >Monako<\/option><option value=\"field_RL91_V365\" >Mongolsko<\/option><option value=\"field_RL91_V366\" >Mozambik<\/option><option value=\"field_RL91_V367\" >Nam\u00edbia<\/option><option value=\"field_RL91_V368\" >Nauru<\/option><option value=\"field_RL91_V369\" >Nep\u00e1l<\/option><option value=\"field_RL91_V370\" >Niger<\/option><option value=\"field_RL91_V371\" >Nig\u00e9ria<\/option><option value=\"field_RL91_V372\" >Nikaragua<\/option><option value=\"field_RL91_V373\" >Nov\u00fd Z\u00e9land<\/option><option value=\"field_RL91_V374\" >Om\u00e1n<\/option><option value=\"field_RL91_V375\" >Pakistan<\/option><option value=\"field_RL91_V376\" >Palau<\/option><option value=\"field_RL91_V377\" >Palest\u00edna<\/option><option value=\"field_RL91_V378\" >Panama<\/option><option value=\"field_RL91_V379\" >Papua-Nov\u00e1 Guinea<\/option><option value=\"field_RL91_V380\" >Paraguaj<\/option><option value=\"field_RL91_V381\" >Peru<\/option><option value=\"field_RL91_V382\" >Pobre\u017eie Slonoviny<\/option><option value=\"field_RL91_V383\" >Rovn\u00edkov\u00e1 Guinea<\/option><option value=\"field_RL91_V384\" >Rwanda<\/option><option value=\"field_RL91_V385\" >Salv\u00e1dor<\/option><option value=\"field_RL91_V386\" >Samoa<\/option><option value=\"field_RL91_V387\" >San Mar\u00edno<\/option><option value=\"field_RL91_V388\" >Saudsk\u00e1 Ar\u00e1bia<\/option><option value=\"field_RL91_V389\" >Senegal<\/option><option value=\"field_RL91_V390\" >Severn\u00e9 Maced\u00f3nsko<\/option><option value=\"field_RL91_V391\" >Seychely<\/option><option value=\"field_RL91_V392\" >Sierra Leone<\/option><option value=\"field_RL91_V393\" >Singapur<\/option><option value=\"field_RL91_V394\" >Som\u00e1lsko<\/option><option value=\"field_RL91_V395\" >Spojen\u00e9 arabsk\u00e9 emir\u00e1ty<\/option><option value=\"field_RL91_V396\" >Srbsko<\/option><option value=\"field_RL91_V397\" >Sr\u00ed Lanka<\/option><option value=\"field_RL91_V398\" >Stredoafrick\u00e1 republika<\/option><option value=\"field_RL91_V399\" >Sud\u00e1n<\/option><option value=\"field_RL91_V400\" >Surinam<\/option><option value=\"field_RL91_V401\" >Sv\u00e4t\u00e1 Lucia\u00a0<\/option><option value=\"field_RL91_V402\" >Sv\u00e4t\u00fd Kri\u0161tof a\u00a0Nevis<\/option><option value=\"field_RL91_V403\" >Sv\u00e4t\u00fd Tom\u00e1\u0161 a\u00a0Princov ostrov<\/option><option value=\"field_RL91_V404\" >Sv\u00e4t\u00fd Vincent a\u00a0Grenad\u00edny<\/option><option value=\"field_RL91_V405\" >S\u00fdria<\/option><option value=\"field_RL91_V406\" >\u0160alam\u00fanove ostrovy<\/option><option value=\"field_RL91_V407\" >Tad\u017eikistan<\/option><option value=\"field_RL91_V408\" >Taiwan<\/option><option value=\"field_RL91_V409\" >Tanz\u00e1nia<\/option><option value=\"field_RL91_V410\" >Thajsko<\/option><option value=\"field_RL91_V411\" >Togo<\/option><option value=\"field_RL91_V412\" >Tonga<\/option><option value=\"field_RL91_V413\" >Trinidad a\u00a0Tobago<\/option><option value=\"field_RL91_V414\" >Tunisko<\/option><option value=\"field_RL91_V415\" >Turkm\u00e9nsko<\/option><option value=\"field_RL91_V416\" >Tuvalu<\/option><option value=\"field_RL91_V417\" >Uganda<\/option><option value=\"field_RL91_V418\" >Uruguaj<\/option><option value=\"field_RL91_V419\" >Uzbekistan<\/option><option value=\"field_RL91_V420\" >Vanuatu<\/option><option value=\"field_RL91_V421\" >Vatik\u00e1n<\/option><option value=\"field_RL91_V422\" >Venezuela<\/option><option value=\"field_RL91_V423\" >Vietnam<\/option><option value=\"field_RL91_V424\" >V\u00fdchodn\u00fd Timor<\/option><option value=\"field_RL91_V425\" >Zambia\u00a0<\/option><option value=\"field_RL91_V426\" >Zimbabwe<\/option><\/select><small><\/small><\/div><br><div class=\"form-elements\"><span>Subject of the request <\/span><span class=\"input_required\">*<\/span><input type=\"text\" autocomplete=\"off\" name=\"field_VT04\" id=\"field_VT04\" value=\"\" class=\"input_element form-control\" placeholder=\"\" required><small><\/small><\/div><br><div class=\"form-elements\"><span>Description of the request <\/span><span class=\"input_required\">*<\/span><textarea name=\"request_description\" id=\"request_description\" class=\"input_element form-control\" required><\/textarea><small><\/small><\/div><br><div class=\"form-elements\"><span>Upload a file <\/span> <br>\t\t\t\t\t\t\t<div class=\"ticket_multiple_attachments_container \">\r\n\t\t\t\t\t\t\t<div class=\"multiple_attachments_previewer\">\r\n\t\t\t\t\t\t\t\t<div class=\"multiple_attachments_previewer_item hidden\">\r\n\t\t\t\t\t\t\t\t\t<span class=\"file_name\">file_name.jpg<\/span>\r\n\t\t\t\t\t\t\t\t\t<span class=\"glyphicon glyphicon-remove remove\"><\/span>\r\n\t\t\t\t\t\t\t\t<\/div>\r\n\t\t\t\t\t\t\t<\/div>\r\n\t\t\t\t\t\t\t<div class=\"multiple_attachments_drop_zone\">\r\n\t\t\t\t\t\t\t<\/div>\r\n\t\t\t\t\t\t\t<div class=\"multiple_attachments_actions\">\r\n\t\t\t\t\t\t\t\t<button class=\"btn btn-primary multiple_attachments_browse_files_trigger\" type=\"button\" name=\"multiple_attachments_browse_files_trigger\">\r\n\t\t\t\t\t\t\t\t\t<i class=\"glyphicon glyphicon-plus\"><\/i>\r\n\t\t\t\t\tBrowse files\t\t\t\t\t\t\t\t<\/button>\r\n\t\t\t\t\t\t\t<\/div>\r\n\t\t\t\t\t\t<\/div>\r\n\t\t\t\t\t<input type=\"file\" name=\"field_UO44\" id=\"field_UO44\" multiple class=\"input_element  hidden form-control ticket_attachment\"  style=\"height: auto;\"><small><\/small><\/div><br><div class=\"form-elements\"><span> <\/span><span class=\"input_required\">*<\/span><span style=\"vertical-align: middle;display: block;\"><input type=\"checkbox\" data-slug=\"field_NA24\" data-required=\"required\" class=\"form-control toggle-checkbox-required field_NA24\" name=\"field_NA24[]\" id=\"field_NA24[]\" style=\"margin-top: 0;\" value=\"field_NA24_V0\"  required> I agree to the processing of personal data<br><\/span><small><\/small><\/div><br><button  type=\"submit\" id=\"crm_form_submit\" class=\"btn btn-primary\" data-loading-text=\"Submitting...\">Submit a request<\/button><button  type=\"reset\" class=\"btn btn-primary wsdesk_crm_reset_button_show_hide\" style=\"margin-left:5px;\">Reset request<\/button><div class=\"loading-ticket-msg \" hidden>\r\n\t\t<button class=\"btn btn-outline-secondary\" style=\"background-color: transparent; border-color: transparent; margin: 0;\" type=\"button\" disabled>\r\n\t\t\tGenerating Ticket...\r\n\t\t\t<img decoding=\"async\" src=\"https:\/\/productinfo.normoff.gov.sk\/wp-content\/plugins\/wsdesk-premium\/assets\/img\/load.gif\" alt=\"Loading...\" style=\"width: 200px; height: 100px;\"\/>\r\n\t\t<\/button>\r\n\t<\/div><\/div><\/div>\n","protected":false},"excerpt":{"rendered":"","protected":false},"author":1,"featured_media":0,"parent":0,"menu_order":0,"comment_status":"closed","ping_status":"open","template":"","meta":{"footnotes":""},"class_list":["post-452","page","type-page","status-publish","hentry"],"_links":{"self":[{"href":"https:\/\/productinfo.normoff.gov.sk\/en\/wp-json\/wp\/v2\/pages\/452","targetHints":{"allow":["GET"]}}],"collection":[{"href":"https:\/\/productinfo.normoff.gov.sk\/en\/wp-json\/wp\/v2\/pages"}],"about":[{"href":"https:\/\/productinfo.normoff.gov.sk\/en\/wp-json\/wp\/v2\/types\/page"}],"author":[{"embeddable":true,"href":"https:\/\/productinfo.normoff.gov.sk\/en\/wp-json\/wp\/v2\/users\/1"}],"replies":[{"embeddable":true,"href":"https:\/\/productinfo.normoff.gov.sk\/en\/wp-json\/wp\/v2\/comments?post=452"}],"version-history":[{"count":2,"href":"https:\/\/productinfo.normoff.gov.sk\/en\/wp-json\/wp\/v2\/pages\/452\/revisions"}],"predecessor-version":[{"id":519,"href":"https:\/\/productinfo.normoff.gov.sk\/en\/wp-json\/wp\/v2\/pages\/452\/revisions\/519"}],"wp:attachment":[{"href":"https:\/\/productinfo.normoff.gov.sk\/en\/wp-json\/wp\/v2\/media?parent=452"}],"curies":[{"name":"wp","href":"https:\/\/api.w.org\/{rel}","templated":true}]}}